{"id":4673,"date":"2013-05-31T08:44:43","date_gmt":"2013-05-31T08:44:43","guid":{"rendered":"http:\/\/impreza.us-themes.net\/"},"modified":"2023-03-18T03:40:49","modified_gmt":"2023-03-18T03:40:49","slug":"sample-page-2","status":"publish","type":"page","link":"https:\/\/dcd.com.ec\/","title":{"rendered":"Inicio"},"content":{"rendered":"<section class=\"l-section wpb_row height_auto width_full\"><div class=\"l-section-h i-cf\"><div class=\"g-cols offset_small\"><div class=\" full-width\">[rev_slider_vc alias=&#8221;home3&#8243;]<\/div><\/div><\/div><\/section><section class=\"l-section wpb_row height_small color_custom\" style=\"background-color: #f1f1f2; color: #323132;\"><div class=\"l-section-h i-cf\"><div class=\"g-cols offset_small\"><div class=\" full-width\"><div class=\"wpb_text_column \"><div class=\"wpb_wrapper\">\n<h3 style=\"text-align: center;\"><em>&#8220;Reunirse en equipo es el principio, mantenerse en equipo es el progreso, trabajar en equipo asegura el \u00e9xito.&#8221;<\/em><\/h3>\n<p style=\"text-align: right;\">Henry Ford.<\/p>\n<\/div> <\/div> <\/div><\/div><\/div><\/section><section class=\"l-section wpb_row height_medium\"><div class=\"l-section-h i-cf\"><div class=\"g-cols offset_small\"><div class=\" full-width\"><div class=\"g-cols wpb_row offset_medium vc_inner\"><div class=\" one-third\"><div class=\"w-iconbox iconpos_top size_large style_default color_primary\"><div class=\"w-iconbox-icon\"><i class=\"fa fa-comments\"><\/i><\/div><h4 class=\"w-iconbox-title\">Asesor\u00edas<\/h4><div class=\"w-iconbox-text\">Dise\u00f1amos servicios personalizados con metodolog\u00edas y estrategias funcionales, generando resultados eficaces y abriendo nuevos horizontes para aumentar el valor de su empresa.<\/div><\/div><\/div><div class=\" one-third\"><div class=\"w-iconbox iconpos_top size_large style_default color_primary\"><div class=\"w-iconbox-icon\"><i class=\"fa fa-graduation-cap\"><\/i><\/div><h4 class=\"w-iconbox-title\">Capacitaciones<\/h4><div class=\"w-iconbox-text\">A trav\u00e9s de nuestros programas logramos despertar en sus colaboradores, una fuerte Actitud Comercial. Somos especialistas en formaci\u00f3n y capacitaci\u00f3n profesional, ofrecemos una variedad de cursos especializados con las \u00faltimas tendencias en el campo de la formaci\u00f3n con la finalidad de que su equipo mejore sus competencias y aporte al desarrollo y cumplimiento de los objetivos estrat\u00e9gicos de su empresa.<\/div><\/div><\/div><div class=\" one-third\"><div class=\"w-iconbox iconpos_top size_large style_default color_primary\"><div class=\"w-iconbox-icon\"><i class=\"fa fa-line-chart\"><\/i><\/div><h4 class=\"w-iconbox-title\">Marketing &amp; Dise\u00f1o<\/h4><div class=\"w-iconbox-text\">Originalidad y creatividad se ve reflejado por nuestro equipo en el impacto visual que complementa el servicio dirigido a empresas que quieran usar el dise\u00f1o como parte de una estrategia de comunicaci\u00f3n. Nuestras propuestas son dise\u00f1adas espec\u00edficamente para la personalidad de cada marca y cliente.<\/div><\/div><\/div><\/div><\/div><\/div><\/div><\/section><section class=\"l-section wpb_row height_huge color_primary with_img parallax_fixed with_overlay\" id=\"fourth\"><div class=\"l-section-img\" style=\"background-image: url();\"><\/div><div class=\"l-section-overlay\" style=\"background-color: rgba(0,0,0,0.12)\"><\/div><div class=\"l-section-h i-cf\"><div class=\"g-cols offset_small\"><div class=\" full-width animate_afl d1\"><div class=\"g-cols wpb_row offset_none vc_inner\"><div class=\" one-sixth\"><\/div><div class=\" two-thirds\"><div class=\"wpb_text_column \"><div class=\"wpb_wrapper\">\n<h2 style=\"text-align: center;\"><em>&#8220;Si buscas resultados distintos, no hagas siempre lo mismo&#8221;<\/em><\/h2>\n<p style=\"text-align: right;\">Albert Einstein<\/p>\n<\/div> <\/div> <\/div><div class=\" one-sixth\"><\/div><\/div><div class=\"w-separator type_short size_medium thick_2 style_solid color_border cont_none\"><span class=\"w-separator-h\"><\/span><\/div><div class=\"wpb_text_column \"><div class=\"wpb_wrapper\">\n<h5 style=\"text-align: center;\">Por ese tipo de razones, DCD Intelligence crea un modelo \u00fanico de programa que se adapta a cada uno de nuestros clientes, innovando y siendo cada d\u00eda mejores junto a ustedes.<\/h5>\n<\/div> <\/div> <div class=\"w-btn-wrapper align_center\"><a class=\"w-btn style_outlined color_primary icon_atleft\" href=\"http:\/\/wordpressdcd.doodling.ec\/contacto\/cotizemos\/\"><i class=\"fa fa-chevron-right\"><\/i><span class=\"w-btn-label\">Coticemos un servicio \u00fanico<\/span><\/a><\/div><\/div><\/div><\/div><\/section><section class=\"l-section wpb_row height_auto width_full\"><div class=\"l-section-h i-cf\"><div class=\"g-cols offset_small\"><div class=\" full-width animate_fade\"><div class=\"w-blog layout_latest cols_4\" itemscope=\"itemscope\" itemtype=\"https:\/\/schema.org\/Blog\"><div class=\"w-blog-list\">\r\n\r\n<article class=\"w-blog-post uncategorized post-1 post type-post status-publish format-standard hentry category-uncategorized\" data-id=\"1\" data-categories=\"uncategorized\">\r\n\t<div class=\"w-blog-post-h\">\r\n\t\t<div class=\"w-blog-post-body\">\r\n\t\t\t<h2 class=\"w-blog-post-title\">\r\n\t\t\t\t<a class=\"entry-title\" rel=\"bookmark\" href=\"https:\/\/dcd.com.ec\/?p=1\">Hello world!<\/a>\r\n\t\t\t<\/h2>\r\n\t\t\t<div class=\"w-blog-post-meta\">\r\n\t\t\t\t<span class=\"w-blog-post-meta-author vcard author\"><a href=\"https:\/\/dcd.com.ec\/?author=1\" class=\"fn\">jasanchez.ec@gmail.com<\/a><\/span><time class=\"w-blog-post-meta-date date updated hidden\"><span class=\"w-blog-post-meta-date-month\">Jan<\/span><span class=\"w-blog-post-meta-date-day\">12<\/span><span class=\"w-blog-post-meta-date-year\">2023<\/span><\/time>\t\t\t<\/div>\r\n\t\t\t<div class=\"w-blog-post-content\">\r\n\t\t\t\t<p>Welcome to WordPress. This is your first post. Edit or delete it, then start writing!<\/p>\n\t\t\t<\/div>\r\n\t\t\t<a class=\"w-blog-post-more w-btn\" href=\"https:\/\/dcd.com.ec\/?p=1\"><span class=\"w-btn-label\">Read More<\/span><\/a>\r\n\t\t<\/div>\r\n\t<\/div>\r\n<\/article>\r\n\r\n\r\n\r\n<article class=\"w-blog-post seguridadysaludocupacional post-5992 post type-post status-publish format-standard has-post-thumbnail hentry category-seguridadysaludocupacional\" data-id=\"5992\" data-categories=\"seguridadysaludocupacional\">\r\n\t<div class=\"w-blog-post-h\">\r\n\t\t<div class=\"w-blog-post-body\">\r\n\t\t\t<h2 class=\"w-blog-post-title\">\r\n\t\t\t\t<a class=\"entry-title\" rel=\"bookmark\" href=\"https:\/\/dcd.com.ec\/?p=5992\">OHSAS 18001 \u00bfPorque Certificarse? &#8211; COPY<\/a>\r\n\t\t\t<\/h2>\r\n\t\t\t<div class=\"w-blog-post-meta\">\r\n\t\t\t\t<span class=\"w-blog-post-meta-author vcard author\"><a href=\"https:\/\/dcd.com.ec\/?author=1\" class=\"fn\">jasanchez.ec@gmail.com<\/a><\/span><time class=\"w-blog-post-meta-date date updated hidden\"><span class=\"w-blog-post-meta-date-month\">Aug<\/span><span class=\"w-blog-post-meta-date-day\">12<\/span><span class=\"w-blog-post-meta-date-year\">2016<\/span><\/time>\t\t\t<\/div>\r\n\t\t\t<div class=\"w-blog-post-content\">\r\n\t\t\t\t<p>El campo de la seguridad y de la salud ocupacional es muy complejo e importante en nuestros d\u00edas. Las\u00a0organizaciones se encuentran actualmente preocupadas por las consecuencias de los accidentes que\u00a0ocurren en el trabajo y hoy en d\u00eda cada vez son m\u00e1s comunes y frecuentes las inspecciones realizadas\u00a0por autoridades ocupacionales encargadas de verificar la seguridad y&#8230;<\/p>\n\t\t\t<\/div>\r\n\t\t\t<a class=\"w-blog-post-more w-btn\" href=\"https:\/\/dcd.com.ec\/?p=5992\"><span class=\"w-btn-label\">Read More<\/span><\/a>\r\n\t\t<\/div>\r\n\t<\/div>\r\n<\/article>\r\n\r\n\r\n\r\n<article class=\"w-blog-post calidad post-5990 post type-post status-publish format-standard has-post-thumbnail hentry category-calidad\" data-id=\"5990\" data-categories=\"calidad\">\r\n\t<div class=\"w-blog-post-h\">\r\n\t\t<div class=\"w-blog-post-body\">\r\n\t\t\t<h2 class=\"w-blog-post-title\">\r\n\t\t\t\t<a class=\"entry-title\" rel=\"bookmark\" href=\"https:\/\/dcd.com.ec\/?p=5990\">Neuromarketing<\/a>\r\n\t\t\t<\/h2>\r\n\t\t\t<div class=\"w-blog-post-meta\">\r\n\t\t\t\t<span class=\"w-blog-post-meta-author vcard author\"><a href=\"https:\/\/dcd.com.ec\/?author=1\" class=\"fn\">jasanchez.ec@gmail.com<\/a><\/span><time class=\"w-blog-post-meta-date date updated hidden\"><span class=\"w-blog-post-meta-date-month\">Aug<\/span><span class=\"w-blog-post-meta-date-day\">12<\/span><span class=\"w-blog-post-meta-date-year\">2016<\/span><\/time>\t\t\t<\/div>\r\n\t\t\t<div class=\"w-blog-post-content\">\r\n\t\t\t\t<p>Hoy en d\u00eda el neuromarketing se percibe a\u00fan como una disciplina emergente y de gran potencial. Si bien el marketing tiene una importante limitaci\u00f3n por falta de apoyo emp\u00edrico, la neurociencia ha provocado la fusi\u00f3n de ambas disciplinas, produciendo as\u00ed una integraci\u00f3n enriquecedora. Es as\u00ed como el neuromarketing estudia c\u00f3mo los seres humanos toman decisiones&#8230;<\/p>\n\t\t\t<\/div>\r\n\t\t\t<a class=\"w-blog-post-more w-btn\" href=\"https:\/\/dcd.com.ec\/?p=5990\"><span class=\"w-btn-label\">Read More<\/span><\/a>\r\n\t\t<\/div>\r\n\t<\/div>\r\n<\/article>\r\n\r\n\r\n\r\n<article class=\"w-blog-post seguridadysaludocupacional post-5933 post type-post status-publish format-standard has-post-thumbnail hentry category-seguridadysaludocupacional\" data-id=\"5933\" data-categories=\"seguridadysaludocupacional\">\r\n\t<div class=\"w-blog-post-h\">\r\n\t\t<div class=\"w-blog-post-body\">\r\n\t\t\t<h2 class=\"w-blog-post-title\">\r\n\t\t\t\t<a class=\"entry-title\" rel=\"bookmark\" href=\"https:\/\/dcd.com.ec\/?p=5933\">OHSAS 18001 \u00bfPorque Certificarse?<\/a>\r\n\t\t\t<\/h2>\r\n\t\t\t<div class=\"w-blog-post-meta\">\r\n\t\t\t\t<span class=\"w-blog-post-meta-author vcard author\"><a href=\"https:\/\/dcd.com.ec\/?author=1\" class=\"fn\">jasanchez.ec@gmail.com<\/a><\/span><time class=\"w-blog-post-meta-date date updated hidden\"><span class=\"w-blog-post-meta-date-month\">Aug<\/span><span class=\"w-blog-post-meta-date-day\">09<\/span><span class=\"w-blog-post-meta-date-year\">2016<\/span><\/time>\t\t\t<\/div>\r\n\t\t\t<div class=\"w-blog-post-content\">\r\n\t\t\t\t<p>El campo de la seguridad y de la salud ocupacional es muy complejo e importante en nuestros d\u00edas. Las\u00a0organizaciones se encuentran actualmente preocupadas por las consecuencias de los accidentes que\u00a0ocurren en el trabajo y hoy en d\u00eda cada vez son m\u00e1s comunes y frecuentes las inspecciones realizadas\u00a0por autoridades ocupacionales encargadas de verificar la seguridad y&#8230;<\/p>\n\t\t\t<\/div>\r\n\t\t\t<a class=\"w-blog-post-more w-btn\" href=\"https:\/\/dcd.com.ec\/?p=5933\"><span class=\"w-btn-label\">Read More<\/span><\/a>\r\n\t\t<\/div>\r\n\t<\/div>\r\n<\/article>\r\n\r\n<\/div><\/div><\/div><\/div><\/div><\/section><section class=\"l-section wpb_row height_medium\"><div class=\"l-section-h i-cf\"><div class=\"g-cols offset_small\"><div class=\" full-width\"><div class=\"wpb_text_column \"><div class=\"wpb_wrapper\">\n<h3 style=\"text-align: center;\">Lo que dicen sobre nosotros<\/h3>\n<\/div> <\/div> <div class=\"w-separator type_invisible size_medium thick_1 style_solid color_border cont_none\"><span class=\"w-separator-h\"><\/span><\/div><div class=\"g-cols wpb_row offset_small vc_inner\"><div class=\" one-half\"><div class=\"w-testimonial style_1\"><blockquote><q class=\"w-testimonial-text\">DCD Intelligence es una empresa amigable, innovadora y creativa que siempre se encuentra lista y pendiente de nosotros para ofrecer todo tipo de soluciones, sean estas administrativas o creativas, innovando nuestros procesos e imagen.<\/q><div class=\"w-testimonial-person\"><span class=\"w-testimonial-person-name\"><span>Manuel Caravajo<\/span><\/span><span class=\"w-testimonial-person-meta\">Gerente de Seguridad Integral - Galapesca<\/span><\/div><\/blockquote><\/div><\/div><div class=\" one-half\"><div class=\"w-testimonial style_1\"><blockquote><q class=\"w-testimonial-text\">DCD nos permiti\u00f3 crear y solucionar temas espec\u00edficos con nuestra misi\u00f3n y visi\u00f3n, d\u00e1ndonos un enfoque diferente para identificar y definir l\u00edmites a trav\u00e9s de un trabajo de an\u00e1lisis realizado en conjunto, tomando en cuenta factores que rodea al cliente, procesos de negocios, entre otras.<\/q><div class=\"w-testimonial-person\"><span class=\"w-testimonial-person-name\"><span>Antonio Ricaurte<\/span><\/span><span class=\"w-testimonial-person-meta\">Gerente General - Artechnology<\/span><\/div><\/blockquote><\/div><\/div><\/div><\/div><\/div><\/div><\/section><section class=\"l-section wpb_row height_large color_primary with_video\"><div class=\"l-section-video\"><video loop=\"loop\" autoplay=\"autoplay\" preload=\"auto\"><source type=\"video\/mp4\" src=\"http:\/\/wordpressdcd.doodling.ec\/wp-content\/uploads\/2013\/05\/Hackers8.mp4\" \/><\/video><\/div><div class=\"l-section-h i-cf\"><div class=\"g-cols offset_small\"><div class=\" full-width\"><div class=\"wpb_text_column \"><div class=\"wpb_wrapper\">\n<h3 style=\"text-align: center;\">Cont\u00e1ctenos<\/h3>\n<\/div> <\/div> <div class=\"w-separator type_short size_small thick_1 style_solid color_border cont_icon\"><span class=\"w-separator-h\"><i class=\"fa fa-envelope-o\"><\/i><\/span><\/div><div class=\"g-cols wpb_row offset_small vc_inner\"><div class=\" one-third\"><div class=\"w-separator type_invisible size_medium thick_1 style_solid color_border cont_none\"><span class=\"w-separator-h\"><\/span><\/div><\/div><div class=\" one-third\"><div class=\"wpb_text_column \"><div class=\"wpb_wrapper\">\n<p style=\"text-align: center;\">Para recibir informaci\u00f3n sobre asesor\u00edas, noticias, cursos o publicaciones, registre a continuaci\u00f3n sus datos y nos pondremos en contacto con usted.<\/p>\n<\/div> <\/div> <div class=\"w-form for_cform align_center\" id=\"us_form_1\">\r\n\t<form class=\"w-form-h\" autocomplete=\"off\" action=\"https:\/\/dcd.com.ec\/index.php?rest_route=%2Fwp%2Fv2%2Fpages%2F4673\" method=\"post\">\r\n\t\t\t\t\t\t\t<div class=\"w-form-row for_name required\">\r\n\t<div class=\"w-form-row-label\">\r\n\t\t<label for=\"us_form_1_name\"><\/label>\r\n\t<\/div>\r\n\t<div class=\"w-form-row-field\">\r\n\t\t\t\t<input type=\"text\" name=\"name\" id=\"us_form_1_name\" value=\"\"\r\n\t\t       placeholder=\"Name *\" data-required=\"true\" aria-required=\"true\"\/>\r\n\t\t<span class=\"w-form-row-field-bar\"><\/span>\r\n\t\t\t<\/div>\r\n\t<div class=\"w-form-row-state\"><\/div>\r\n\t<\/div>\r\n\t\t\t\t\t<div class=\"w-form-row for_email required\">\r\n\t<div class=\"w-form-row-label\">\r\n\t\t<label for=\"us_form_1_email\"><\/label>\r\n\t<\/div>\r\n\t<div class=\"w-form-row-field\">\r\n\t\t\t\t<input type=\"email\" name=\"email\" id=\"us_form_1_email\" value=\"\"\r\n\t\t       placeholder=\"Email *\" data-required=\"true\" aria-required=\"true\"\/>\r\n\t\t<span class=\"w-form-row-field-bar\"><\/span>\r\n\t\t\t<\/div>\r\n\t<div class=\"w-form-row-state\"><\/div>\r\n\t<\/div>\r\n\t\t\t\t\t<div class=\"w-form-row for_phone required\">\r\n\t<div class=\"w-form-row-label\">\r\n\t\t<label for=\"us_form_1_phone\"><\/label>\r\n\t<\/div>\r\n\t<div class=\"w-form-row-field\">\r\n\t\t\t\t<input type=\"text\" name=\"phone\" id=\"us_form_1_phone\" value=\"\"\r\n\t\t       placeholder=\"Phone Number *\" data-required=\"true\" aria-required=\"true\"\/>\r\n\t\t<span class=\"w-form-row-field-bar\"><\/span>\r\n\t\t\t<\/div>\r\n\t<div class=\"w-form-row-state\"><\/div>\r\n\t<\/div>\r\n\t\t\t\t\t<div class=\"w-form-row for_message required\">\r\n\t<div class=\"w-form-row-label\">\r\n\t\t<label for=\"us_form_1_message\"><\/label>\r\n\t<\/div>\r\n\t<div class=\"w-form-row-field\">\r\n\t\t\t\t<textarea name=\"message\" id=\"us_form_1_message\" cols=\"30\" rows=\"10\" placeholder=\"Message *\"\r\n\t\t\t data-required=\"true\" aria-required=\"true\"><\/textarea>\r\n\t\t<span class=\"w-form-row-field-bar\"><\/span>\r\n\t\t\t<\/div>\r\n\t<div class=\"w-form-row-state\"><\/div>\r\n\t<\/div>\r\n\t\t\t\t\t<input type=\"hidden\" name=\"action\" value=\"us_ajax_cform\"\/>\r\n\t\t\t\t\t<input type=\"hidden\" name=\"post_id\" value=\"5933\"\/>\r\n\t\t\t\t\t<input type=\"hidden\" name=\"form_index\" value=\"1\"\/>\r\n\t\t\t\t\t<div class=\"w-form-row for_submit\">\r\n\t<div class=\"w-form-row-field\">\r\n\t\t<button class=\"w-btn size_ color_primary style_outlined\" type=\"submit\"><span class=\"g-preloader type_1\"><\/span><span class=\"w-btn-label\">Send Message<\/span><\/button>\r\n\t<\/div>\r\n<\/div>\r\n\t\t\t\t<div class=\"w-form-message\"><\/div>\r\n\t\t\t<\/form>\r\n\t\t\t<div class=\"w-form-json hidden\" onclick='return {&quot;ajaxurl&quot;:&quot;https:\\\/\\\/dcd.com.ec\\\/wp-admin\\\/admin-ajax.php&quot;,&quot;success&quot;:&quot;Thank you! Your message was sent.&quot;,&quot;errors&quot;:{&quot;name&quot;:&quot;Please enter your Name&quot;,&quot;email&quot;:&quot;Please enter your Email&quot;,&quot;phone&quot;:&quot;Please enter your Phone Number&quot;,&quot;message&quot;:&quot;Please enter a Message&quot;}}'><\/div>\r\n\t<\/div>\r\n<\/div><div class=\" one-third\"><div class=\"w-separator type_invisible size_medium thick_1 style_solid color_border cont_none\"><span class=\"w-separator-h\"><\/span><\/div><\/div><\/div><\/div><\/div><\/div><\/section>\n","protected":false},"excerpt":{"rendered":"","protected":false},"author":1,"featured_media":0,"parent":0,"menu_order":0,"comment_status":"closed","ping_status":"closed","template":"","meta":{"_mi_skip_tracking":false},"aioseo_notices":[],"_links":{"self":[{"href":"https:\/\/dcd.com.ec\/index.php?rest_route=\/wp\/v2\/pages\/4673"}],"collection":[{"href":"https:\/\/dcd.com.ec\/index.php?rest_route=\/wp\/v2\/pages"}],"about":[{"href":"https:\/\/dcd.com.ec\/index.php?rest_route=\/wp\/v2\/types\/page"}],"author":[{"embeddable":true,"href":"https:\/\/dcd.com.ec\/index.php?rest_route=\/wp\/v2\/users\/1"}],"replies":[{"embeddable":true,"href":"https:\/\/dcd.com.ec\/index.php?rest_route=%2Fwp%2Fv2%2Fcomments&post=4673"}],"version-history":[{"count":1,"href":"https:\/\/dcd.com.ec\/index.php?rest_route=\/wp\/v2\/pages\/4673\/revisions"}],"predecessor-version":[{"id":6057,"href":"https:\/\/dcd.com.ec\/index.php?rest_route=\/wp\/v2\/pages\/4673\/revisions\/6057"}],"wp:attachment":[{"href":"https:\/\/dcd.com.ec\/index.php?rest_route=%2Fwp%2Fv2%2Fmedia&parent=4673"}],"curies":[{"name":"wp","href":"https:\/\/api.w.org\/{rel}","templated":true}]}}