{"id":3728,"date":"2015-08-26T14:14:01","date_gmt":"2015-08-26T14:14:01","guid":{"rendered":"http:\/\/impreza.us-themes.net\/?page_id=3728"},"modified":"2015-08-26T14:14:01","modified_gmt":"2015-08-26T14:14:01","slug":"blog-regular-grid","status":"publish","type":"page","link":"https:\/\/dcd.com.ec\/?page_id=3728","title":{"rendered":"Blog &#8211; Regular Grid"},"content":{"rendered":"<section class=\"l-section wpb_row height_medium\"><div class=\"l-section-h i-cf\"><div class=\"g-cols offset_small\"><div class=\" full-width\"><div class=\"w-blog layout_classic cols_3\" itemscope=\"itemscope\" itemtype=\"https:\/\/schema.org\/Blog\"><div class=\"w-blog-list\">\r\n\r\n<article class=\"w-blog-post uncategorized post-1 post type-post status-publish format-standard hentry category-uncategorized\" data-id=\"1\" data-categories=\"uncategorized\">\r\n\t<div class=\"w-blog-post-h\">\r\n\t\t<a href=\"https:\/\/dcd.com.ec\/?p=1\">\r\n\t\t\t<div class=\"w-blog-post-preview\">\r\n\t\t\t\t\t\t\t\t<span class=\"w-blog-post-preview-icon\"><\/span>\r\n\t\t\t<\/div>\r\n\t\t<\/a>\r\n\t\t<div class=\"w-blog-post-body\">\r\n\t\t\t<h2 class=\"w-blog-post-title\">\r\n\t\t\t\t<a class=\"entry-title\" rel=\"bookmark\" href=\"https:\/\/dcd.com.ec\/?p=1\">Hello world!<\/a>\r\n\t\t\t<\/h2>\r\n\t\t\t<div class=\"w-blog-post-meta\">\r\n\t\t\t\t<time class=\"w-blog-post-meta-date date updated\">January 12, 2023<\/time><span class=\"w-blog-post-meta-author vcard author hidden\"><a href=\"https:\/\/dcd.com.ec\/?author=1\" class=\"fn\">jasanchez.ec@gmail.com<\/a><\/span>\t\t\t<\/div>\r\n\t\t\t<div class=\"w-blog-post-content\">\r\n\t\t\t\t<p>Welcome to WordPress. This is your first post. Edit or delete it, then start writing!<\/p>\n\t\t\t<\/div>\r\n\t\t\t<a class=\"w-blog-post-more w-btn\" href=\"https:\/\/dcd.com.ec\/?p=1\"><span class=\"w-btn-label\">Read More<\/span><\/a>\r\n\t\t<\/div>\r\n\t<\/div>\r\n<\/article>\r\n\r\n\r\n\r\n<article class=\"w-blog-post seguridadysaludocupacional post-5992 post type-post status-publish format-standard has-post-thumbnail hentry category-seguridadysaludocupacional\" data-id=\"5992\" data-categories=\"seguridadysaludocupacional\">\r\n\t<div class=\"w-blog-post-h\">\r\n\t\t<a href=\"https:\/\/dcd.com.ec\/?p=5992\">\r\n\t\t\t<div class=\"w-blog-post-preview\">\r\n\t\t\t\t\t\t\t\t<span class=\"w-blog-post-preview-icon\"><\/span>\r\n\t\t\t<\/div>\r\n\t\t<\/a>\r\n\t\t<div class=\"w-blog-post-body\">\r\n\t\t\t<h2 class=\"w-blog-post-title\">\r\n\t\t\t\t<a class=\"entry-title\" rel=\"bookmark\" href=\"https:\/\/dcd.com.ec\/?p=5992\">OHSAS 18001 \u00bfPorque Certificarse? &#8211; COPY<\/a>\r\n\t\t\t<\/h2>\r\n\t\t\t<div class=\"w-blog-post-meta\">\r\n\t\t\t\t<time class=\"w-blog-post-meta-date date updated\">August 12, 2016<\/time><span class=\"w-blog-post-meta-author vcard author hidden\"><a href=\"https:\/\/dcd.com.ec\/?author=1\" class=\"fn\">jasanchez.ec@gmail.com<\/a><\/span>\t\t\t<\/div>\r\n\t\t\t<div class=\"w-blog-post-content\">\r\n\t\t\t\t<p>El campo de la seguridad y de la salud ocupacional es muy complejo e importante en nuestros d\u00edas. Las\u00a0organizaciones se encuentran actualmente preocupadas por las consecuencias de los accidentes que\u00a0ocurren en el trabajo y hoy en d\u00eda cada vez son m\u00e1s comunes y frecuentes las inspecciones realizadas\u00a0por autoridades ocupacionales encargadas de verificar la seguridad y&#8230;<\/p>\n\t\t\t<\/div>\r\n\t\t\t<a class=\"w-blog-post-more w-btn\" href=\"https:\/\/dcd.com.ec\/?p=5992\"><span class=\"w-btn-label\">Read More<\/span><\/a>\r\n\t\t<\/div>\r\n\t<\/div>\r\n<\/article>\r\n\r\n\r\n\r\n<article class=\"w-blog-post calidad post-5990 post type-post status-publish format-standard has-post-thumbnail hentry category-calidad\" data-id=\"5990\" data-categories=\"calidad\">\r\n\t<div class=\"w-blog-post-h\">\r\n\t\t<a href=\"https:\/\/dcd.com.ec\/?p=5990\">\r\n\t\t\t<div class=\"w-blog-post-preview\">\r\n\t\t\t\t\t\t\t\t<span class=\"w-blog-post-preview-icon\"><\/span>\r\n\t\t\t<\/div>\r\n\t\t<\/a>\r\n\t\t<div class=\"w-blog-post-body\">\r\n\t\t\t<h2 class=\"w-blog-post-title\">\r\n\t\t\t\t<a class=\"entry-title\" rel=\"bookmark\" href=\"https:\/\/dcd.com.ec\/?p=5990\">Neuromarketing<\/a>\r\n\t\t\t<\/h2>\r\n\t\t\t<div class=\"w-blog-post-meta\">\r\n\t\t\t\t<time class=\"w-blog-post-meta-date date updated\">August 12, 2016<\/time><span class=\"w-blog-post-meta-author vcard author hidden\"><a href=\"https:\/\/dcd.com.ec\/?author=1\" class=\"fn\">jasanchez.ec@gmail.com<\/a><\/span>\t\t\t<\/div>\r\n\t\t\t<div class=\"w-blog-post-content\">\r\n\t\t\t\t<p>Hoy en d\u00eda el neuromarketing se percibe a\u00fan como una disciplina emergente y de gran potencial. Si bien el marketing tiene una importante limitaci\u00f3n por falta de apoyo emp\u00edrico, la neurociencia ha provocado la fusi\u00f3n de ambas disciplinas, produciendo as\u00ed una integraci\u00f3n enriquecedora. Es as\u00ed como el neuromarketing estudia c\u00f3mo los seres humanos toman decisiones&#8230;<\/p>\n\t\t\t<\/div>\r\n\t\t\t<a class=\"w-blog-post-more w-btn\" href=\"https:\/\/dcd.com.ec\/?p=5990\"><span class=\"w-btn-label\">Read More<\/span><\/a>\r\n\t\t<\/div>\r\n\t<\/div>\r\n<\/article>\r\n\r\n\r\n\r\n<article class=\"w-blog-post seguridadysaludocupacional post-5933 post type-post status-publish format-standard has-post-thumbnail hentry category-seguridadysaludocupacional\" data-id=\"5933\" data-categories=\"seguridadysaludocupacional\">\r\n\t<div class=\"w-blog-post-h\">\r\n\t\t<a href=\"https:\/\/dcd.com.ec\/?p=5933\">\r\n\t\t\t<div class=\"w-blog-post-preview\">\r\n\t\t\t\t\t\t\t\t<span class=\"w-blog-post-preview-icon\"><\/span>\r\n\t\t\t<\/div>\r\n\t\t<\/a>\r\n\t\t<div class=\"w-blog-post-body\">\r\n\t\t\t<h2 class=\"w-blog-post-title\">\r\n\t\t\t\t<a class=\"entry-title\" rel=\"bookmark\" href=\"https:\/\/dcd.com.ec\/?p=5933\">OHSAS 18001 \u00bfPorque Certificarse?<\/a>\r\n\t\t\t<\/h2>\r\n\t\t\t<div class=\"w-blog-post-meta\">\r\n\t\t\t\t<time class=\"w-blog-post-meta-date date updated\">August 9, 2016<\/time><span class=\"w-blog-post-meta-author vcard author hidden\"><a href=\"https:\/\/dcd.com.ec\/?author=1\" class=\"fn\">jasanchez.ec@gmail.com<\/a><\/span>\t\t\t<\/div>\r\n\t\t\t<div class=\"w-blog-post-content\">\r\n\t\t\t\t<p>El campo de la seguridad y de la salud ocupacional es muy complejo e importante en nuestros d\u00edas. Las\u00a0organizaciones se encuentran actualmente preocupadas por las consecuencias de los accidentes que\u00a0ocurren en el trabajo y hoy en d\u00eda cada vez son m\u00e1s comunes y frecuentes las inspecciones realizadas\u00a0por autoridades ocupacionales encargadas de verificar la seguridad y&#8230;<\/p>\n\t\t\t<\/div>\r\n\t\t\t<a class=\"w-blog-post-more w-btn\" href=\"https:\/\/dcd.com.ec\/?p=5933\"><span class=\"w-btn-label\">Read More<\/span><\/a>\r\n\t\t<\/div>\r\n\t<\/div>\r\n<\/article>\r\n\r\n\r\n\r\n<article class=\"w-blog-post calidad post-5929 post type-post status-publish format-standard has-post-thumbnail hentry category-calidad\" data-id=\"5929\" data-categories=\"calidad\">\r\n\t<div class=\"w-blog-post-h\">\r\n\t\t<a href=\"https:\/\/dcd.com.ec\/?p=5929\">\r\n\t\t\t<div class=\"w-blog-post-preview\">\r\n\t\t\t\t\t\t\t\t<span class=\"w-blog-post-preview-icon\"><\/span>\r\n\t\t\t<\/div>\r\n\t\t<\/a>\r\n\t\t<div class=\"w-blog-post-body\">\r\n\t\t\t<h2 class=\"w-blog-post-title\">\r\n\t\t\t\t<a class=\"entry-title\" rel=\"bookmark\" href=\"https:\/\/dcd.com.ec\/?p=5929\">Gesti\u00f3n de Calidad \u2013 ISO 9001:2015<\/a>\r\n\t\t\t<\/h2>\r\n\t\t\t<div class=\"w-blog-post-meta\">\r\n\t\t\t\t<time class=\"w-blog-post-meta-date date updated\">August 9, 2016<\/time><span class=\"w-blog-post-meta-author vcard author hidden\"><a href=\"https:\/\/dcd.com.ec\/?author=1\" class=\"fn\">jasanchez.ec@gmail.com<\/a><\/span>\t\t\t<\/div>\r\n\t\t\t<div class=\"w-blog-post-content\">\r\n\t\t\t\t<p>Hoy en d\u00eda las organizaciones han evolucionado, han cambiado radicalmente su forma de trabajar, su tecnolog\u00eda, sus procesos, los l\u00edmites geogr\u00e1ficos son casi insignificantes en la econom\u00eda global, y para tener \u00e9xito, tienen que adaptarse para satisfacer las crecientes necesidades de los clientes. Un cliente satisfecho siempre implica un beneficio para la empresa: mayores ganancias,&#8230;<\/p>\n\t\t\t<\/div>\r\n\t\t\t<a class=\"w-blog-post-more w-btn\" href=\"https:\/\/dcd.com.ec\/?p=5929\"><span class=\"w-btn-label\">Read More<\/span><\/a>\r\n\t\t<\/div>\r\n\t<\/div>\r\n<\/article>\r\n\r\n<\/div><\/div><\/div><\/div><\/div><\/section>\n","protected":false},"excerpt":{"rendered":"","protected":false},"author":1,"featured_media":0,"parent":0,"menu_order":0,"comment_status":"closed","ping_status":"closed","template":"","meta":{"_mi_skip_tracking":false},"aioseo_notices":[],"_links":{"self":[{"href":"https:\/\/dcd.com.ec\/index.php?rest_route=\/wp\/v2\/pages\/3728"}],"collection":[{"href":"https:\/\/dcd.com.ec\/index.php?rest_route=\/wp\/v2\/pages"}],"about":[{"href":"https:\/\/dcd.com.ec\/index.php?rest_route=\/wp\/v2\/types\/page"}],"author":[{"embeddable":true,"href":"https:\/\/dcd.com.ec\/index.php?rest_route=\/wp\/v2\/users\/1"}],"replies":[{"embeddable":true,"href":"https:\/\/dcd.com.ec\/index.php?rest_route=%2Fwp%2Fv2%2Fcomments&post=3728"}],"version-history":[{"count":0,"href":"https:\/\/dcd.com.ec\/index.php?rest_route=\/wp\/v2\/pages\/3728\/revisions"}],"wp:attachment":[{"href":"https:\/\/dcd.com.ec\/index.php?rest_route=%2Fwp%2Fv2%2Fmedia&parent=3728"}],"curies":[{"name":"wp","href":"https:\/\/api.w.org\/{rel}","templated":true}]}}